{"id":53,"date":"2025-10-02T10:15:55","date_gmt":"2025-10-02T10:15:55","guid":{"rendered":"https:\/\/www.modulermodel.com\/?page_id=53"},"modified":"2025-10-17T06:53:17","modified_gmt":"2025-10-17T06:53:17","slug":"hakkimizda","status":"publish","type":"page","link":"https:\/\/www.modulermodel.com\/?page_id=53","title":{"rendered":"Hakk\u0131m\u0131zda"},"content":{"rendered":"<div class=\"wp-block-image\">\n<figure class=\"alignleft size-large is-resized\"><img loading=\"lazy\" decoding=\"async\" width=\"1024\" height=\"576\" src=\"http:\/\/www.modulermodel.com\/wp-content\/uploads\/2025\/09\/marangoz_2025_1-1024x576.jpg\" alt=\"\" class=\"wp-image-9\" style=\"width:287px;height:auto\" srcset=\"https:\/\/www.modulermodel.com\/wp-content\/uploads\/2025\/09\/marangoz_2025_1-1024x576.jpg 1024w, https:\/\/www.modulermodel.com\/wp-content\/uploads\/2025\/09\/marangoz_2025_1-300x169.jpg 300w, https:\/\/www.modulermodel.com\/wp-content\/uploads\/2025\/09\/marangoz_2025_1-768x432.jpg 768w, https:\/\/www.modulermodel.com\/wp-content\/uploads\/2025\/09\/marangoz_2025_1-840x473.jpg 840w, https:\/\/www.modulermodel.com\/wp-content\/uploads\/2025\/09\/marangoz_2025_1.jpg 1170w\" sizes=\"auto, (max-width: 1024px) 100vw, 1024px\" \/><\/figure><\/div>\n\n\n<p>Ahsap&#8217;ta sadece \u00fcretmeye de\u011fil, en iyiyi yaratmaya \u00f6nem veriyoruz. Zanaat\u0131n ve ustal\u0131\u011f\u0131n da bir sanat oldu\u011funu vurguluyoruz.&nbsp;<\/p>\n\n\n\n<p>42 y\u0131ll\u0131k deneyim ve sanatsall\u0131\u011f\u0131n \u00f6n planda oldu\u011fu bir sitedesiniz,ilk g\u00fcn\u00fcn heyecan\u0131 ve titizli\u011fi ile talep etti\u011finiz her t\u00fcrden \u00fcr\u00fcn\u00fc size elden teslim edebilmenin hazz\u0131n\u0131 ya\u015fayarak hangi \u015fehirde oldu\u011funuza bakmaks\u0131z\u0131n kap\u0131n\u0131za bizzat teslim ediyoruz(\u0130mal etti\u011fimiz \u00fcr\u00fcnler nadidedir ve zariftir, kargoya verilemez).<\/p>\n","protected":false},"excerpt":{"rendered":"<p>Ahsap&#8217;ta sadece \u00fcretmeye de\u011fil, en iyiyi yaratmaya \u00f6nem veriyoruz. Zanaat\u0131n ve ustal\u0131\u011f\u0131n da bir sanat oldu\u011funu vurguluyoruz.&nbsp; 42 y\u0131ll\u0131k deneyim ve sanatsall\u0131\u011f\u0131n \u00f6n planda oldu\u011fu &hellip; <\/p>\n","protected":false},"author":1,"featured_media":0,"parent":0,"menu_order":0,"comment_status":"closed","ping_status":"closed","template":"","meta":{"footnotes":""},"class_list":["post-53","page","type-page","status-publish","hentry"],"_links":{"self":[{"href":"https:\/\/www.modulermodel.com\/index.php?rest_route=\/wp\/v2\/pages\/53","targetHints":{"allow":["GET"]}}],"collection":[{"href":"https:\/\/www.modulermodel.com\/index.php?rest_route=\/wp\/v2\/pages"}],"about":[{"href":"https:\/\/www.modulermodel.com\/index.php?rest_route=\/wp\/v2\/types\/page"}],"author":[{"embeddable":true,"href":"https:\/\/www.modulermodel.com\/index.php?rest_route=\/wp\/v2\/users\/1"}],"replies":[{"embeddable":true,"href":"https:\/\/www.modulermodel.com\/index.php?rest_route=%2Fwp%2Fv2%2Fcomments&post=53"}],"version-history":[{"count":4,"href":"https:\/\/www.modulermodel.com\/index.php?rest_route=\/wp\/v2\/pages\/53\/revisions"}],"predecessor-version":[{"id":184,"href":"https:\/\/www.modulermodel.com\/index.php?rest_route=\/wp\/v2\/pages\/53\/revisions\/184"}],"wp:attachment":[{"href":"https:\/\/www.modulermodel.com\/index.php?rest_route=%2Fwp%2Fv2%2Fmedia&parent=53"}],"curies":[{"name":"wp","href":"https:\/\/api.w.org\/{rel}","templated":true}]}}