{"id":302,"date":"2025-10-24T11:07:33","date_gmt":"2025-10-24T11:07:33","guid":{"rendered":"https:\/\/www.modulermodel.com\/?page_id=302"},"modified":"2025-10-24T11:07:34","modified_gmt":"2025-10-24T11:07:34","slug":"ev-urunleri","status":"publish","type":"page","link":"https:\/\/www.modulermodel.com\/?page_id=302","title":{"rendered":"Ev \u00dcr\u00fcnleri"},"content":{"rendered":"\n<p>Evinizde kullan\u0131lmak \u00fczere akl\u0131n\u0131za gelebilecek t\u00fcm ah\u015fap \u00fcr\u00fcnleri iste\u011fe uygun bir \u015fekilde tasarlay\u0131p \u00fcretiyoruz.<\/p>\n\n\n\n<details class=\"wp-block-details is-layout-flow wp-block-details-is-layout-flow\"><summary>RAFLAR<\/summary>\n<p><a href=\"https:\/\/www.modulermodel.com\/?page_id=241\">Raf Modelleri<\/a><\/p>\n<\/details>\n\n\n\n<details class=\"wp-block-details is-layout-flow wp-block-details-is-layout-flow\"><summary>KATLANAB\u0130L\u0130R MASALAR<\/summary>\n<p><a href=\"https:\/\/www.modulermodel.com\/?page_id=294\">Katlanabilir Masa Modelleri<\/a><\/p>\n\n\n\n<p><\/p>\n<\/details>\n\n\n\n<details class=\"wp-block-details is-layout-flow wp-block-details-is-layout-flow\"><summary>SEHPALAR<\/summary>\n<p>T\u00fcm Sehpalar<\/p>\n<\/details>\n\n\n\n<p><a href=\"https:\/\/www.modulermodel.com\/?page_id=192\">Sehpa Modelleri<\/a><\/p>\n","protected":false},"excerpt":{"rendered":"<p>Evinizde kullan\u0131lmak \u00fczere akl\u0131n\u0131za gelebilecek t\u00fcm ah\u015fap \u00fcr\u00fcnleri iste\u011fe uygun bir \u015fekilde tasarlay\u0131p \u00fcretiyoruz. Sehpa Modelleri<\/p>\n","protected":false},"author":1,"featured_media":0,"parent":0,"menu_order":0,"comment_status":"closed","ping_status":"closed","template":"","meta":{"footnotes":""},"class_list":["post-302","page","type-page","status-publish","hentry"],"_links":{"self":[{"href":"https:\/\/www.modulermodel.com\/index.php?rest_route=\/wp\/v2\/pages\/302","targetHints":{"allow":["GET"]}}],"collection":[{"href":"https:\/\/www.modulermodel.com\/index.php?rest_route=\/wp\/v2\/pages"}],"about":[{"href":"https:\/\/www.modulermodel.com\/index.php?rest_route=\/wp\/v2\/types\/page"}],"author":[{"embeddable":true,"href":"https:\/\/www.modulermodel.com\/index.php?rest_route=\/wp\/v2\/users\/1"}],"replies":[{"embeddable":true,"href":"https:\/\/www.modulermodel.com\/index.php?rest_route=%2Fwp%2Fv2%2Fcomments&post=302"}],"version-history":[{"count":1,"href":"https:\/\/www.modulermodel.com\/index.php?rest_route=\/wp\/v2\/pages\/302\/revisions"}],"predecessor-version":[{"id":303,"href":"https:\/\/www.modulermodel.com\/index.php?rest_route=\/wp\/v2\/pages\/302\/revisions\/303"}],"wp:attachment":[{"href":"https:\/\/www.modulermodel.com\/index.php?rest_route=%2Fwp%2Fv2%2Fmedia&parent=302"}],"curies":[{"name":"wp","href":"https:\/\/api.w.org\/{rel}","templated":true}]}}