{"id":284,"date":"2025-10-24T10:39:10","date_gmt":"2025-10-24T10:39:10","guid":{"rendered":"https:\/\/www.modulermodel.com\/?page_id=284"},"modified":"2025-10-24T11:14:21","modified_gmt":"2025-10-24T11:14:21","slug":"ozel-siparisler","status":"publish","type":"page","link":"https:\/\/www.modulermodel.com\/?page_id=284","title":{"rendered":"\u00d6zel Sipari\u015fler"},"content":{"rendered":"\n<p>\u00c7izim halindeki projelerinize hayat veriyoruz. <\/p>\n\n\n\n<details class=\"wp-block-details is-layout-flow wp-block-details-is-layout-flow\"><summary>PROJELER\u0130M\u0130Z<\/summary>\n<p><a href=\"https:\/\/www.modulermodel.com\/?page_id=297\">Baz\u0131 Projelerimiz ve Referanslar\u0131m\u0131z<\/a><\/p>\n<\/details>\n\n\n\n<p><\/p>\n","protected":false},"excerpt":{"rendered":"<p>\u00c7izim halindeki projelerinize hayat veriyoruz.<\/p>\n","protected":false},"author":1,"featured_media":285,"parent":0,"menu_order":0,"comment_status":"closed","ping_status":"closed","template":"","meta":{"footnotes":""},"class_list":["post-284","page","type-page","status-publish","has-post-thumbnail","hentry"],"_links":{"self":[{"href":"https:\/\/www.modulermodel.com\/index.php?rest_route=\/wp\/v2\/pages\/284","targetHints":{"allow":["GET"]}}],"collection":[{"href":"https:\/\/www.modulermodel.com\/index.php?rest_route=\/wp\/v2\/pages"}],"about":[{"href":"https:\/\/www.modulermodel.com\/index.php?rest_route=\/wp\/v2\/types\/page"}],"author":[{"embeddable":true,"href":"https:\/\/www.modulermodel.com\/index.php?rest_route=\/wp\/v2\/users\/1"}],"replies":[{"embeddable":true,"href":"https:\/\/www.modulermodel.com\/index.php?rest_route=%2Fwp%2Fv2%2Fcomments&post=284"}],"version-history":[{"count":4,"href":"https:\/\/www.modulermodel.com\/index.php?rest_route=\/wp\/v2\/pages\/284\/revisions"}],"predecessor-version":[{"id":308,"href":"https:\/\/www.modulermodel.com\/index.php?rest_route=\/wp\/v2\/pages\/284\/revisions\/308"}],"wp:featuredmedia":[{"embeddable":true,"href":"https:\/\/www.modulermodel.com\/index.php?rest_route=\/wp\/v2\/media\/285"}],"wp:attachment":[{"href":"https:\/\/www.modulermodel.com\/index.php?rest_route=%2Fwp%2Fv2%2Fmedia&parent=284"}],"curies":[{"name":"wp","href":"https:\/\/api.w.org\/{rel}","templated":true}]}}