{"id":280,"date":"2025-10-24T10:31:50","date_gmt":"2025-10-24T10:31:50","guid":{"rendered":"https:\/\/www.modulermodel.com\/?page_id=280"},"modified":"2025-10-24T10:31:50","modified_gmt":"2025-10-24T10:31:50","slug":"ucak-modelleri","status":"publish","type":"page","link":"https:\/\/www.modulermodel.com\/?page_id=280","title":{"rendered":"U\u00e7ak Modelleri"},"content":{"rendered":"\n<p>\u0130ste\u011fe uygun her t\u00fcrl\u00fc maket u\u00e7ak \u00fcretimimiz mevcuttur.<\/p>\n\n\n\n<figure class=\"wp-block-image size-full\"><img loading=\"lazy\" decoding=\"async\" width=\"650\" height=\"650\" src=\"http:\/\/www.modulermodel.com\/wp-content\/uploads\/2025\/10\/maketucak1.jpg\" alt=\"\" class=\"wp-image-281\" srcset=\"https:\/\/www.modulermodel.com\/wp-content\/uploads\/2025\/10\/maketucak1.jpg 650w, https:\/\/www.modulermodel.com\/wp-content\/uploads\/2025\/10\/maketucak1-300x300.jpg 300w, https:\/\/www.modulermodel.com\/wp-content\/uploads\/2025\/10\/maketucak1-150x150.jpg 150w\" sizes=\"auto, (max-width: 650px) 100vw, 650px\" \/><\/figure>\n","protected":false},"excerpt":{"rendered":"<p>\u0130ste\u011fe uygun her t\u00fcrl\u00fc maket u\u00e7ak \u00fcretimimiz mevcuttur.<\/p>\n","protected":false},"author":1,"featured_media":0,"parent":0,"menu_order":0,"comment_status":"closed","ping_status":"closed","template":"","meta":{"footnotes":""},"class_list":["post-280","page","type-page","status-publish","hentry"],"_links":{"self":[{"href":"https:\/\/www.modulermodel.com\/index.php?rest_route=\/wp\/v2\/pages\/280","targetHints":{"allow":["GET"]}}],"collection":[{"href":"https:\/\/www.modulermodel.com\/index.php?rest_route=\/wp\/v2\/pages"}],"about":[{"href":"https:\/\/www.modulermodel.com\/index.php?rest_route=\/wp\/v2\/types\/page"}],"author":[{"embeddable":true,"href":"https:\/\/www.modulermodel.com\/index.php?rest_route=\/wp\/v2\/users\/1"}],"replies":[{"embeddable":true,"href":"https:\/\/www.modulermodel.com\/index.php?rest_route=%2Fwp%2Fv2%2Fcomments&post=280"}],"version-history":[{"count":1,"href":"https:\/\/www.modulermodel.com\/index.php?rest_route=\/wp\/v2\/pages\/280\/revisions"}],"predecessor-version":[{"id":282,"href":"https:\/\/www.modulermodel.com\/index.php?rest_route=\/wp\/v2\/pages\/280\/revisions\/282"}],"wp:attachment":[{"href":"https:\/\/www.modulermodel.com\/index.php?rest_route=%2Fwp%2Fv2%2Fmedia&parent=280"}],"curies":[{"name":"wp","href":"https:\/\/api.w.org\/{rel}","templated":true}]}}