{"id":273,"date":"2025-10-24T09:21:26","date_gmt":"2025-10-24T09:21:26","guid":{"rendered":"https:\/\/www.modulermodel.com\/?page_id=273"},"modified":"2025-10-24T09:44:22","modified_gmt":"2025-10-24T09:44:22","slug":"tas-yapi-restorasyonu","status":"publish","type":"page","link":"https:\/\/www.modulermodel.com\/?page_id=273","title":{"rendered":"Ta\u015f Yap\u0131 Restorasyonu"},"content":{"rendered":"\n<p>Ta\u015f&#8217; \u0131n do\u011fas\u0131 gere\u011fi y\u0131llara yenik d\u00fc\u015fmesi, onun g\u00f6r\u00fcn\u00fc\u015f\u00fc ve yap\u0131s\u0131 \u00fczerindeki de\u011fi\u015fimleri olu\u015fturur. Bir ta\u015f yap\u0131 \u00fczerinde m\u00fcdahale s\u00f6z konusu olacak ise \u00f6ncelikli bir ara\u015ft\u0131rma yap\u0131lmal\u0131d\u0131r. Do\u011fru  m\u00fcdahale tekni\u011finin se\u00e7imi ve do\u011fru malzeme t\u00fcrlerinin belirlenmesi \u00f6nemlidir. Ta\u015f\u0131n tipi, eskime s\u00fcreci gibi de\u011fi\u015fkenler dikkate al\u0131narak gerekli restore i\u015flemlerimizi ger\u00e7ekle\u015ftiriyoruz. <\/p>\n\n\n\n<p>Ayr\u0131ca <\/p>\n\n\n\n<figure class=\"wp-block-image size-full\"><img loading=\"lazy\" decoding=\"async\" width=\"512\" height=\"341\" src=\"http:\/\/www.modulermodel.com\/wp-content\/uploads\/2025\/10\/TasDuvar-restorasyon1.jpg\" alt=\"\" class=\"wp-image-275\" srcset=\"https:\/\/www.modulermodel.com\/wp-content\/uploads\/2025\/10\/TasDuvar-restorasyon1.jpg 512w, https:\/\/www.modulermodel.com\/wp-content\/uploads\/2025\/10\/TasDuvar-restorasyon1-300x200.jpg 300w, https:\/\/www.modulermodel.com\/wp-content\/uploads\/2025\/10\/TasDuvar-restorasyon1-420x280.jpg 420w\" sizes=\"auto, (max-width: 512px) 100vw, 512px\" \/><\/figure>\n","protected":false},"excerpt":{"rendered":"<p>Ta\u015f&#8217; \u0131n do\u011fas\u0131 gere\u011fi y\u0131llara yenik d\u00fc\u015fmesi, onun g\u00f6r\u00fcn\u00fc\u015f\u00fc ve yap\u0131s\u0131 \u00fczerindeki de\u011fi\u015fimleri olu\u015fturur. Bir ta\u015f yap\u0131 \u00fczerinde m\u00fcdahale s\u00f6z konusu olacak ise \u00f6ncelikli bir &hellip; <\/p>\n","protected":false},"author":1,"featured_media":274,"parent":0,"menu_order":0,"comment_status":"closed","ping_status":"closed","template":"","meta":{"footnotes":""},"class_list":["post-273","page","type-page","status-publish","has-post-thumbnail","hentry"],"_links":{"self":[{"href":"https:\/\/www.modulermodel.com\/index.php?rest_route=\/wp\/v2\/pages\/273","targetHints":{"allow":["GET"]}}],"collection":[{"href":"https:\/\/www.modulermodel.com\/index.php?rest_route=\/wp\/v2\/pages"}],"about":[{"href":"https:\/\/www.modulermodel.com\/index.php?rest_route=\/wp\/v2\/types\/page"}],"author":[{"embeddable":true,"href":"https:\/\/www.modulermodel.com\/index.php?rest_route=\/wp\/v2\/users\/1"}],"replies":[{"embeddable":true,"href":"https:\/\/www.modulermodel.com\/index.php?rest_route=%2Fwp%2Fv2%2Fcomments&post=273"}],"version-history":[{"count":2,"href":"https:\/\/www.modulermodel.com\/index.php?rest_route=\/wp\/v2\/pages\/273\/revisions"}],"predecessor-version":[{"id":278,"href":"https:\/\/www.modulermodel.com\/index.php?rest_route=\/wp\/v2\/pages\/273\/revisions\/278"}],"wp:featuredmedia":[{"embeddable":true,"href":"https:\/\/www.modulermodel.com\/index.php?rest_route=\/wp\/v2\/media\/274"}],"wp:attachment":[{"href":"https:\/\/www.modulermodel.com\/index.php?rest_route=%2Fwp%2Fv2%2Fmedia&parent=273"}],"curies":[{"name":"wp","href":"https:\/\/api.w.org\/{rel}","templated":true}]}}