{"id":268,"date":"2025-10-24T09:10:18","date_gmt":"2025-10-24T09:10:18","guid":{"rendered":"https:\/\/www.modulermodel.com\/?page_id=268"},"modified":"2025-10-24T09:10:19","modified_gmt":"2025-10-24T09:10:19","slug":"ahsap-yapi-restorasyonu","status":"publish","type":"page","link":"https:\/\/www.modulermodel.com\/?page_id=268","title":{"rendered":"Ah\u015fap Yap\u0131 Restorasyonu"},"content":{"rendered":"\n<p>Deforme olan ah\u015fap yap\u0131lar ve mobilyalar, ge\u00e7mi\u015fin izlerini ta\u015f\u0131yan \u00f6nemli k\u00fclt\u00fcrel de\u011ferlerdir. Gelecek nesillere bu miras\u0131n aktar\u0131lmas\u0131ndaki en \u00f6nemli olgu, do\u011fru malzeme ile orijinal estetikli\u011fi koruyarak ger\u00e7ekle\u015ftirilen restorasyonlard\u0131r. Ger\u00e7ek i\u015flevini kazand\u0131rmak ve uzun y\u0131llar s\u00fcrd\u00fcr\u00fclebilirli\u011fini korumak bizler i\u00e7in \u00f6nemlidir. <\/p>\n\n\n\n<figure class=\"wp-block-image size-large is-resized\"><img loading=\"lazy\" decoding=\"async\" width=\"577\" height=\"1024\" src=\"https:\/\/www.modulermodel.com\/wp-content\/uploads\/2025\/10\/1000107621-2-577x1024.jpg\" alt=\"\" class=\"wp-image-269\" style=\"width:277px;height:auto\" srcset=\"https:\/\/www.modulermodel.com\/wp-content\/uploads\/2025\/10\/1000107621-2-577x1024.jpg 577w, https:\/\/www.modulermodel.com\/wp-content\/uploads\/2025\/10\/1000107621-2-169x300.jpg 169w, https:\/\/www.modulermodel.com\/wp-content\/uploads\/2025\/10\/1000107621-2-768x1364.jpg 768w, https:\/\/www.modulermodel.com\/wp-content\/uploads\/2025\/10\/1000107621-2-865x1536.jpg 865w, https:\/\/www.modulermodel.com\/wp-content\/uploads\/2025\/10\/1000107621-2.jpg 1153w\" sizes=\"auto, (max-width: 577px) 100vw, 577px\" \/><\/figure>\n","protected":false},"excerpt":{"rendered":"<p>Deforme olan ah\u015fap yap\u0131lar ve mobilyalar, ge\u00e7mi\u015fin izlerini ta\u015f\u0131yan \u00f6nemli k\u00fclt\u00fcrel de\u011ferlerdir. Gelecek nesillere bu miras\u0131n aktar\u0131lmas\u0131ndaki en \u00f6nemli olgu, do\u011fru malzeme ile orijinal estetikli\u011fi &hellip; <\/p>\n","protected":false},"author":1,"featured_media":270,"parent":0,"menu_order":0,"comment_status":"closed","ping_status":"closed","template":"","meta":{"footnotes":""},"class_list":["post-268","page","type-page","status-publish","has-post-thumbnail","hentry"],"_links":{"self":[{"href":"https:\/\/www.modulermodel.com\/index.php?rest_route=\/wp\/v2\/pages\/268","targetHints":{"allow":["GET"]}}],"collection":[{"href":"https:\/\/www.modulermodel.com\/index.php?rest_route=\/wp\/v2\/pages"}],"about":[{"href":"https:\/\/www.modulermodel.com\/index.php?rest_route=\/wp\/v2\/types\/page"}],"author":[{"embeddable":true,"href":"https:\/\/www.modulermodel.com\/index.php?rest_route=\/wp\/v2\/users\/1"}],"replies":[{"embeddable":true,"href":"https:\/\/www.modulermodel.com\/index.php?rest_route=%2Fwp%2Fv2%2Fcomments&post=268"}],"version-history":[{"count":1,"href":"https:\/\/www.modulermodel.com\/index.php?rest_route=\/wp\/v2\/pages\/268\/revisions"}],"predecessor-version":[{"id":271,"href":"https:\/\/www.modulermodel.com\/index.php?rest_route=\/wp\/v2\/pages\/268\/revisions\/271"}],"wp:featuredmedia":[{"embeddable":true,"href":"https:\/\/www.modulermodel.com\/index.php?rest_route=\/wp\/v2\/media\/270"}],"wp:attachment":[{"href":"https:\/\/www.modulermodel.com\/index.php?rest_route=%2Fwp%2Fv2%2Fmedia&parent=268"}],"curies":[{"name":"wp","href":"https:\/\/api.w.org\/{rel}","templated":true}]}}