{"id":194,"date":"2025-10-17T08:18:02","date_gmt":"2025-10-17T08:18:02","guid":{"rendered":"https:\/\/www.modulermodel.com\/?page_id=194"},"modified":"2025-10-24T10:32:45","modified_gmt":"2025-10-24T10:32:45","slug":"maketler","status":"publish","type":"page","link":"https:\/\/www.modulermodel.com\/?page_id=194","title":{"rendered":"Maketler"},"content":{"rendered":"<div class=\"wp-block-image\">\n<figure class=\"alignleft size-large is-resized\"><img loading=\"lazy\" decoding=\"async\" width=\"1024\" height=\"525\" src=\"http:\/\/www.modulermodel.com\/wp-content\/uploads\/2025\/09\/mrngz101psd-1024x525.jpg\" alt=\"\" class=\"wp-image-56\" style=\"width:289px;height:auto\" srcset=\"https:\/\/www.modulermodel.com\/wp-content\/uploads\/2025\/09\/mrngz101psd-1024x525.jpg 1024w, https:\/\/www.modulermodel.com\/wp-content\/uploads\/2025\/09\/mrngz101psd-300x154.jpg 300w, https:\/\/www.modulermodel.com\/wp-content\/uploads\/2025\/09\/mrngz101psd-768x394.jpg 768w, https:\/\/www.modulermodel.com\/wp-content\/uploads\/2025\/09\/mrngz101psd.jpg 1170w\" sizes=\"auto, (max-width: 1024px) 100vw, 1024px\" \/><\/figure><\/div>\n\n\n<p><strong>En kaliteli \u00fcr\u00fcnler ile titizlikle \u00fcretilen her par\u00e7a, yaln\u0131zca sa\u011flaml\u0131\u011f\u0131 ile de\u011fil, hayat\u0131n\u0131za anlam katan s\u0131cak ve organik bir&nbsp;ya\u015fam\u0131 da garanti eder. Koleksiyonlar\u0131m\u0131z, sade malzemeleri ola\u011fan\u00fcst\u00fc sanat eserlerine d\u00f6n\u00fc\u015ft\u00fcren ustal\u0131\u011f\u0131m\u0131z\u0131n detaylara g\u00f6sterdi\u011fi \u00f6zen ve g\u00fcnler s\u00fcren eme\u011finin bir yans\u0131mas\u0131d\u0131r. G\u00f6rseldeki \u00fcr\u00fcnlerimizin yan\u0131 s\u0131ra iste\u011fe uygun her t\u00fcrl\u00fc maket eseri kullan\u0131m\u0131n\u0131za sunmaktan mutluluk duyar\u0131z.<\/strong><\/p>\n\n\n\n<p>.<\/p>\n\n\n\n<p>.<\/p>\n\n\n\n<details class=\"wp-block-details is-layout-flow wp-block-details-is-layout-flow\"><summary><strong><em>GEM\u0130 MODELLER\u0130<\/em><\/strong><\/summary>\n<p><a href=\"https:\/\/www.modulermodel.com\/?p=100\">Osmanl\u0131 Kad\u0131rgas\u0131<\/a><\/p>\n\n\n\n<p><a href=\"https:\/\/www.modulermodel.com\/?p=105\">S. Felipe<\/a><\/p>\n\n\n\n<p><a href=\"https:\/\/www.modulermodel.com\/?p=110\">Endeavour<\/a><\/p>\n\n\n\n<p><a href=\"https:\/\/www.modulermodel.com\/?p=117\">Savarona<\/a><\/p>\n\n\n\n<p><a href=\"https:\/\/www.modulermodel.com\/?p=122\">H.M.S. Victory<\/a><\/p>\n\n\n\n<p><a href=\"https:\/\/www.modulermodel.com\/?p=127\">Pinta<\/a><\/p>\n\n\n\n<p><a href=\"https:\/\/www.modulermodel.com\/?p=141\">Nina<\/a><\/p>\n\n\n\n<p><a href=\"https:\/\/www.modulermodel.com\/?p=143\">Santa Maria<\/a><\/p>\n\n\n\n<p><a href=\"https:\/\/www.modulermodel.com\/?p=150\">H.M.S. Bouinty<\/a><\/p>\n\n\n\n<p><a href=\"https:\/\/www.modulermodel.com\/?p=154\">Albatros<\/a><\/p>\n\n\n\n<p><a href=\"https:\/\/www.modulermodel.com\/?p=178\">Viking<\/a><\/p>\n<\/details>\n\n\n\n<details class=\"wp-block-details is-layout-flow wp-block-details-is-layout-flow\"><summary><strong><em>U\u00c7AK MODELLER\u0130<\/em><\/strong><\/summary>\n<p><a href=\"https:\/\/www.modulermodel.com\/?page_id=280\">U\u00e7ak Modelleri<\/a><\/p>\n<\/details>\n\n\n\n<details class=\"wp-block-details is-layout-flow wp-block-details-is-layout-flow\"><summary><strong><em>EV MODELLER\u0130<\/em><\/strong><\/summary>\n<p><a href=\"https:\/\/www.modulermodel.com\/?p=258\">Ev Modelleri<\/a><\/p>\n<\/details>\n\n\n\n<p><\/p>\n\n\n\n<p><\/p>\n","protected":false},"excerpt":{"rendered":"<p>En kaliteli \u00fcr\u00fcnler ile titizlikle \u00fcretilen her par\u00e7a, yaln\u0131zca sa\u011flaml\u0131\u011f\u0131 ile de\u011fil, hayat\u0131n\u0131za anlam katan s\u0131cak ve organik bir&nbsp;ya\u015fam\u0131 da garanti eder. Koleksiyonlar\u0131m\u0131z, sade malzemeleri &hellip; <\/p>\n","protected":false},"author":1,"featured_media":0,"parent":0,"menu_order":0,"comment_status":"closed","ping_status":"closed","template":"","meta":{"footnotes":""},"class_list":["post-194","page","type-page","status-publish","hentry"],"_links":{"self":[{"href":"https:\/\/www.modulermodel.com\/index.php?rest_route=\/wp\/v2\/pages\/194","targetHints":{"allow":["GET"]}}],"collection":[{"href":"https:\/\/www.modulermodel.com\/index.php?rest_route=\/wp\/v2\/pages"}],"about":[{"href":"https:\/\/www.modulermodel.com\/index.php?rest_route=\/wp\/v2\/types\/page"}],"author":[{"embeddable":true,"href":"https:\/\/www.modulermodel.com\/index.php?rest_route=\/wp\/v2\/users\/1"}],"replies":[{"embeddable":true,"href":"https:\/\/www.modulermodel.com\/index.php?rest_route=%2Fwp%2Fv2%2Fcomments&post=194"}],"version-history":[{"count":17,"href":"https:\/\/www.modulermodel.com\/index.php?rest_route=\/wp\/v2\/pages\/194\/revisions"}],"predecessor-version":[{"id":283,"href":"https:\/\/www.modulermodel.com\/index.php?rest_route=\/wp\/v2\/pages\/194\/revisions\/283"}],"wp:attachment":[{"href":"https:\/\/www.modulermodel.com\/index.php?rest_route=%2Fwp%2Fv2%2Fmedia&parent=194"}],"curies":[{"name":"wp","href":"https:\/\/api.w.org\/{rel}","templated":true}]}}