{"id":192,"date":"2025-10-17T08:12:55","date_gmt":"2025-10-17T08:12:55","guid":{"rendered":"https:\/\/www.modulermodel.com\/?page_id=192"},"modified":"2025-10-17T09:02:10","modified_gmt":"2025-10-17T09:02:10","slug":"sehpalar","status":"publish","type":"page","link":"https:\/\/www.modulermodel.com\/?page_id=192","title":{"rendered":"Sehpalar"},"content":{"rendered":"\n<p>En kaliteli \u00fcr\u00fcnler ile titizlikle \u00fcretilen her par\u00e7a, yaln\u0131zca sa\u011flaml\u0131\u011f\u0131 ile de\u011fil, hayat\u0131n\u0131za anlam katan s\u0131cak ve organik bir&nbsp;ya\u015fam\u0131 da garanti eder. Koleksiyonlar\u0131m\u0131z, sade malzemeleri ola\u011fan\u00fcst\u00fc sanat eserlerine d\u00f6n\u00fc\u015ft\u00fcren ustal\u0131\u011f\u0131m\u0131z\u0131n detaylara g\u00f6sterdi\u011fi \u00f6zen ve g\u00fcnler s\u00fcren eme\u011finin bir yans\u0131mas\u0131d\u0131r. G\u00f6rseldeki \u00fcr\u00fcnlerimizin yan\u0131 s\u0131ra iste\u011fe uygun her t\u00fcrl\u00fc ah\u015fap eseri kullan\u0131m\u0131n\u0131za sunmaktan mutluluk duyar\u0131z.<\/p>\n\n\n\n<figure class=\"wp-block-image size-large is-resized\"><img loading=\"lazy\" decoding=\"async\" width=\"768\" height=\"1024\" src=\"http:\/\/www.modulermodel.com\/wp-content\/uploads\/2025\/10\/1000100092-768x1024.jpg\" alt=\"\" class=\"wp-image-216\" style=\"width:296px;height:auto\" srcset=\"https:\/\/www.modulermodel.com\/wp-content\/uploads\/2025\/10\/1000100092-768x1024.jpg 768w, https:\/\/www.modulermodel.com\/wp-content\/uploads\/2025\/10\/1000100092-225x300.jpg 225w, https:\/\/www.modulermodel.com\/wp-content\/uploads\/2025\/10\/1000100092-1152x1536.jpg 1152w, https:\/\/www.modulermodel.com\/wp-content\/uploads\/2025\/10\/1000100092.jpg 1536w\" sizes=\"auto, (max-width: 768px) 100vw, 768px\" \/><\/figure>\n\n\n\n<figure class=\"wp-block-image size-large is-resized\"><img loading=\"lazy\" decoding=\"async\" width=\"768\" height=\"1024\" src=\"http:\/\/www.modulermodel.com\/wp-content\/uploads\/2025\/10\/1000107589-768x1024.jpg\" alt=\"\" class=\"wp-image-229\" style=\"width:299px;height:auto\" srcset=\"https:\/\/www.modulermodel.com\/wp-content\/uploads\/2025\/10\/1000107589-768x1024.jpg 768w, https:\/\/www.modulermodel.com\/wp-content\/uploads\/2025\/10\/1000107589-225x300.jpg 225w, https:\/\/www.modulermodel.com\/wp-content\/uploads\/2025\/10\/1000107589-1152x1536.jpg 1152w, https:\/\/www.modulermodel.com\/wp-content\/uploads\/2025\/10\/1000107589.jpg 1536w\" sizes=\"auto, (max-width: 768px) 100vw, 768px\" \/><\/figure>\n\n\n\n<figure class=\"wp-block-image size-large is-resized\"><img loading=\"lazy\" decoding=\"async\" width=\"768\" height=\"1024\" src=\"http:\/\/www.modulermodel.com\/wp-content\/uploads\/2025\/10\/1000107592-768x1024.jpg\" alt=\"\" class=\"wp-image-230\" style=\"width:300px;height:auto\" srcset=\"https:\/\/www.modulermodel.com\/wp-content\/uploads\/2025\/10\/1000107592-768x1024.jpg 768w, https:\/\/www.modulermodel.com\/wp-content\/uploads\/2025\/10\/1000107592-225x300.jpg 225w, https:\/\/www.modulermodel.com\/wp-content\/uploads\/2025\/10\/1000107592-1152x1536.jpg 1152w, https:\/\/www.modulermodel.com\/wp-content\/uploads\/2025\/10\/1000107592.jpg 1536w\" sizes=\"auto, (max-width: 768px) 100vw, 768px\" \/><\/figure>\n","protected":false},"excerpt":{"rendered":"<p>En kaliteli \u00fcr\u00fcnler ile titizlikle \u00fcretilen her par\u00e7a, yaln\u0131zca sa\u011flaml\u0131\u011f\u0131 ile de\u011fil, hayat\u0131n\u0131za anlam katan s\u0131cak ve organik bir&nbsp;ya\u015fam\u0131 da garanti eder. Koleksiyonlar\u0131m\u0131z, sade malzemeleri &hellip; <\/p>\n","protected":false},"author":1,"featured_media":0,"parent":0,"menu_order":0,"comment_status":"closed","ping_status":"closed","template":"","meta":{"footnotes":""},"class_list":["post-192","page","type-page","status-publish","hentry"],"_links":{"self":[{"href":"https:\/\/www.modulermodel.com\/index.php?rest_route=\/wp\/v2\/pages\/192","targetHints":{"allow":["GET"]}}],"collection":[{"href":"https:\/\/www.modulermodel.com\/index.php?rest_route=\/wp\/v2\/pages"}],"about":[{"href":"https:\/\/www.modulermodel.com\/index.php?rest_route=\/wp\/v2\/types\/page"}],"author":[{"embeddable":true,"href":"https:\/\/www.modulermodel.com\/index.php?rest_route=\/wp\/v2\/users\/1"}],"replies":[{"embeddable":true,"href":"https:\/\/www.modulermodel.com\/index.php?rest_route=%2Fwp%2Fv2%2Fcomments&post=192"}],"version-history":[{"count":2,"href":"https:\/\/www.modulermodel.com\/index.php?rest_route=\/wp\/v2\/pages\/192\/revisions"}],"predecessor-version":[{"id":240,"href":"https:\/\/www.modulermodel.com\/index.php?rest_route=\/wp\/v2\/pages\/192\/revisions\/240"}],"wp:attachment":[{"href":"https:\/\/www.modulermodel.com\/index.php?rest_route=%2Fwp%2Fv2%2Fmedia&parent=192"}],"curies":[{"name":"wp","href":"https:\/\/api.w.org\/{rel}","templated":true}]}}