{"id":186,"date":"2025-10-17T06:58:05","date_gmt":"2025-10-17T06:58:05","guid":{"rendered":"https:\/\/www.modulermodel.com\/?page_id=186"},"modified":"2025-10-24T10:08:14","modified_gmt":"2025-10-24T10:08:14","slug":"restorasyon","status":"publish","type":"page","link":"https:\/\/www.modulermodel.com\/?page_id=186","title":{"rendered":"Restorasyon"},"content":{"rendered":"\n<p>Tarihin ilk zamanlar\u0131ndan beri hayat\u0131m\u0131z\u0131n bir par\u00e7as\u0131 olan ah\u015fap ve ta\u015f vazge\u00e7ilmez malzemelerdir. Her \u00fcr\u00fcnde oldu\u011fu gibi zaman ile bu \u00fcr\u00fcnler de deforme olmaktad\u0131r. Tarihi ve k\u00fclt\u00fcrel de\u011ferleri koruyarak ger\u00e7ekle\u015ftirece\u011fimiz restorasyon i\u015flemleri ile malzemenin s\u00fcrd\u00fcr\u00fclebilir i\u015flevselli\u011fini sizlere orijinal olarak sunuyoruz.. <\/p>\n\n\n\n<details class=\"wp-block-details is-layout-flow wp-block-details-is-layout-flow\"><summary>AH\u015eAP YAPILAR<\/summary>\n<p><a href=\"https:\/\/www.modulermodel.com\/?page_id=268\">Ah\u015fap Yap\u0131lara Uygulanan Restorasyon \u0130\u015flemleri<\/a><\/p>\n<\/details>\n\n\n\n<details class=\"wp-block-details is-layout-flow wp-block-details-is-layout-flow\"><summary>TA\u015e YAPILAR<\/summary>\n<p><a href=\"https:\/\/www.modulermodel.com\/?page_id=273\">Ta\u015f Yap\u0131lara Uygulanan Restorasyon \u0130\u015flemleri<\/a><\/p>\n<\/details>\n\n\n\n<p>**<strong>Her tarz ve t\u00fcrden Ah\u015fap veya Ta\u015f yap\u0131lar\u0131n\u0131z ilk g\u00fcnk\u00fc \u015fekliyle ve orijinal malzemeleriyle yerinde asl\u0131na uygun restore edilir.<\/strong>**<\/p>\n\n\n\n<p><\/p>\n","protected":false},"excerpt":{"rendered":"<p>Tarihin ilk zamanlar\u0131ndan beri hayat\u0131m\u0131z\u0131n bir par\u00e7as\u0131 olan ah\u015fap ve ta\u015f vazge\u00e7ilmez malzemelerdir. Her \u00fcr\u00fcnde oldu\u011fu gibi zaman ile bu \u00fcr\u00fcnler de deforme olmaktad\u0131r. Tarihi &hellip; <\/p>\n","protected":false},"author":1,"featured_media":187,"parent":0,"menu_order":0,"comment_status":"closed","ping_status":"closed","template":"","meta":{"footnotes":""},"class_list":["post-186","page","type-page","status-publish","has-post-thumbnail","hentry"],"_links":{"self":[{"href":"https:\/\/www.modulermodel.com\/index.php?rest_route=\/wp\/v2\/pages\/186","targetHints":{"allow":["GET"]}}],"collection":[{"href":"https:\/\/www.modulermodel.com\/index.php?rest_route=\/wp\/v2\/pages"}],"about":[{"href":"https:\/\/www.modulermodel.com\/index.php?rest_route=\/wp\/v2\/types\/page"}],"author":[{"embeddable":true,"href":"https:\/\/www.modulermodel.com\/index.php?rest_route=\/wp\/v2\/users\/1"}],"replies":[{"embeddable":true,"href":"https:\/\/www.modulermodel.com\/index.php?rest_route=%2Fwp%2Fv2%2Fcomments&post=186"}],"version-history":[{"count":6,"href":"https:\/\/www.modulermodel.com\/index.php?rest_route=\/wp\/v2\/pages\/186\/revisions"}],"predecessor-version":[{"id":279,"href":"https:\/\/www.modulermodel.com\/index.php?rest_route=\/wp\/v2\/pages\/186\/revisions\/279"}],"wp:featuredmedia":[{"embeddable":true,"href":"https:\/\/www.modulermodel.com\/index.php?rest_route=\/wp\/v2\/media\/187"}],"wp:attachment":[{"href":"https:\/\/www.modulermodel.com\/index.php?rest_route=%2Fwp%2Fv2%2Fmedia&parent=186"}],"curies":[{"name":"wp","href":"https:\/\/api.w.org\/{rel}","templated":true}]}}